{"id":124,"date":"2021-02-15T12:28:59","date_gmt":"2021-02-15T11:28:59","guid":{"rendered":"https:\/\/hk-drevovyroba.cz\/de\/?page_id=124"},"modified":"2021-02-15T12:33:57","modified_gmt":"2021-02-15T11:33:57","slug":"einwilligungserklarung-fur-die-verarbeitung-personenbezogener-daten-fur-die-zwecke-des-kontaktformulars","status":"publish","type":"page","link":"https:\/\/hk-drevovyroba.cz\/de\/einwilligungserklarung-fur-die-verarbeitung-personenbezogener-daten-fur-die-zwecke-des-kontaktformulars\/","title":{"rendered":"Einwilligungserkl\u00e4rung f\u00fcr die Verarbeitung personenbezogener Daten f\u00fcr die Zwecke des Kontaktformulars"},"content":{"rendered":"<ol>\n<li>Hiermit willige ich mit der Verarbeitung meiner unten erw\u00e4hnten personenbezogenen Daten durch die Firma HK D\u0159evov\u00fdroba s.r.o, \u017d\u010f\u00e1rsk\u00e1 501, 582 63, \u017dd\u00edrec nad Doubravou, I\u010c 25983164, beim Bezirksgericht Hradec Kr\u00e1lov\u00e9, Abschnitt C, Einlage 18613 eingetragen (\u201eVerantwortlicher\u201c) ein. Dabei gilt die Verordnung (EU) 2016\/679 des Europ\u00e4ischen Parlaments und des Rates vom 27. April 2016 zum Schutz nat\u00fcrlicher Personen bei der Verarbeitung personenbezogener Daten, zum freien Datenverkehr\u00a0 (\u201eVerordnung\u201c) und Aufhebung der Richtlinie\u00a095\/46\/EG (Richtlinie 95\/46\/EG des Europ\u00e4ischen Parlaments und des Rates vom 24. Oktober 1995 zum Schutz nat\u00fcrlicher Personen bei der Verarbeitung personenbezogener Daten und zum freien Datenverkehr.\n<ul>\n<li>Vorname, Name<\/li>\n<li>E-Mail Adresse<\/li>\n<li>Telefonnummer<\/li>\n<\/ul>\n<\/li>\n<li>Diese Daten werden ausschlie\u00dflich f\u00fcr folgenden Zweck verarbeitet:\n<ol>\n<li>Kontaktformular, das zum Abschicken einer allgemeinen Frage eines Webbesuchers dient.<\/li>\n<\/ol>\n<\/li>\n<li><span style=\"font-size: 1.0625rem\">Die Einwilligung erteile ich f\u00fcr 30 Tage f\u00fcr folgenden Zweck:<\/span>\n<ol>\n<li><span style=\"font-size: 1.0625rem\">Kontaktformular, das zum Abschicken einer allgemeinen Frage eines Webbesuchers und der R\u00fcckantwort der Firma dient<\/span><\/li>\n<\/ol>\n<\/li>\n<li><span style=\"font-size: 1.0625rem\">Zur Verarbeitung dieser personenbezogenen Daten beauftragt Verantwortlicher folgende Verarbeiter\/Anbieter:<\/span>\n<ol>\n<li><span style=\"font-size: 1.0625rem\">Webhosting-Anbieter V\u00e1\u0161 Hosting s.r.o, Zbo\u017esk\u00e1 1385\/40, 288 02 Nymburk<\/span><\/li>\n<li><span style=\"font-size: 1.0625rem\">Beziehungsweise andere Anbieter von Verarbeitungssoftware, Diensten und Apps, die unsere Firma zurzeit jedoch nicht nutzt.<\/span><\/li>\n<\/ol>\n<\/li>\n<li><span style=\"font-size: 1.0625rem\">Die personenbezogenen Daten werden nicht au\u00dferhalb der EU weitergeleitet.<\/span><\/li>\n<li><span style=\"font-size: 1.0625rem\">Ich kann jederzeit den Widerruf dieser Einwilligung erkl\u00e4ren, dies kann schriftlich oder per E-Mail erfolgen, mit dem Antrag auf L\u00f6schung Ihrer Daten.<\/span><\/li>\n<li><span style=\"font-size: 1.0625rem\">Beachten Sie bitte, dass Sie Folgende Rechte haben:<\/span>\n<ul>\n<li><span style=\"font-size: 1.0625rem\">Widerrufsrecht der von Ihnen erkl\u00e4rten Einwilligung f\u00fcr die Verarbeitung personenbezogener Daten, dies hat zu Folge, dass die Zusendung der Informationen zum nachgefragten Produkt unterbrochen wird<\/span><\/li>\n<li><span style=\"font-size: 1.0625rem\">Auskunftsrecht gegen\u00fcber dem Verantwortlichen \u2013 welche Ihre personenbezogenen Daten verarbeitet er<\/span><\/li>\n<li><span style=\"font-size: 1.0625rem\">Recht vom Verantwortlichen den Zugang zu Ihren personenbezogenen Daten und ihre Kopie zu beantragen\u00a0<\/span><span style=\"font-size: 1.0625rem\">bei der automatisiert verarbeiteten personenbezogenen Daten Recht auf ihre \u00dcbertragbarkeit\u00a0<\/span><\/li>\n<li><span style=\"font-size: 1.0625rem\">Recht auf Aktualisierung der Berichtigung, bzw. Einschr\u00e4nkung personenbezogener Daten<\/span><\/li>\n<li><span style=\"font-size: 1.0625rem\">Recht auf L\u00f6schung Ihrer personenbezogenen Daten, falls es nicht um die Daten geht, die Verantwortlicher nach bestimmten gesetzlichen Verordnungen verarbeiten muss oder kann<\/span><\/li>\n<li><span style=\"font-size: 1.0625rem\">Recht auf Beschwerderecht, wenn Sie vermuten, dass Ihre Rechte\u00a0 infolge\u00a0 der Verarbeitung Ihrer personenbezogen Daten verletzt wurden<\/span><\/li>\n<li><span style=\"font-size: 1.0625rem\">Recht auf Widerspruchsrecht, wenn Sie Zweifel an der Eihaltung der Pflichten bei der Verarbeitung Ihrer personenbezogenen Daten haben, k\u00f6nnen Sie sich an den Verantwortlichen oder an das Amt f\u00fcr Schutz personenbezogener Daten wenden.<\/span><\/li>\n<\/ul>\n<\/li>\n<\/ol>\n","protected":false},"excerpt":{"rendered":"<p>Hiermit willige ich mit der Verarbeitung meiner unten erw\u00e4hnten personenbezogenen Daten durch die Firma HK D\u0159evov\u00fdroba s.r.o, \u017d\u010f\u00e1rsk\u00e1 501, 582&hellip;<\/p>\n","protected":false},"author":2,"featured_media":0,"parent":0,"menu_order":0,"comment_status":"closed","ping_status":"closed","template":"","meta":[],"_links":{"self":[{"href":"https:\/\/hk-drevovyroba.cz\/de\/wp-json\/wp\/v2\/pages\/124"}],"collection":[{"href":"https:\/\/hk-drevovyroba.cz\/de\/wp-json\/wp\/v2\/pages"}],"about":[{"href":"https:\/\/hk-drevovyroba.cz\/de\/wp-json\/wp\/v2\/types\/page"}],"author":[{"embeddable":true,"href":"https:\/\/hk-drevovyroba.cz\/de\/wp-json\/wp\/v2\/users\/2"}],"replies":[{"embeddable":true,"href":"https:\/\/hk-drevovyroba.cz\/de\/wp-json\/wp\/v2\/comments?post=124"}],"version-history":[{"count":2,"href":"https:\/\/hk-drevovyroba.cz\/de\/wp-json\/wp\/v2\/pages\/124\/revisions"}],"predecessor-version":[{"id":126,"href":"https:\/\/hk-drevovyroba.cz\/de\/wp-json\/wp\/v2\/pages\/124\/revisions\/126"}],"wp:attachment":[{"href":"https:\/\/hk-drevovyroba.cz\/de\/wp-json\/wp\/v2\/media?parent=124"}],"curies":[{"name":"wp","href":"https:\/\/api.w.org\/{rel}","templated":true}]}}