{"id":15,"date":"2020-11-23T13:45:23","date_gmt":"2020-11-23T12:45:23","guid":{"rendered":"http:\/\/hk-drevovyroba.cz\/de\/?page_id=15"},"modified":"2020-11-27T19:59:48","modified_gmt":"2020-11-27T18:59:48","slug":"holzverpackungen","status":"publish","type":"page","link":"https:\/\/hk-drevovyroba.cz\/de\/holzverpackungen\/","title":{"rendered":"Holzverpackungen"},"content":{"rendered":"<p>HK d\u0159evov\u00fdroba s.r.o. <strong>spezialisiert sich auf den <a href=\"http:\/\/hk-drevovyroba.cz\/de\/holzverpackungen\/paletten\/\">Verkauf von Paletten<\/a>, atypischen Paletten und Holzverpackungen<\/strong>.<\/p>\n<h2>Wir bieten Ihnen den Verkauf von Paletten und Europaletten mit der Zertifizierung IPPC.<\/h2>\n<p>Paletten und Holzverpackungen produzieren wir nach Anforderungen und W\u00fcnschen jedes einzelnen Kunden. Dank der h\u00f6chsten Qualit\u00e4t der Produkte, Kontrolle in allen Produktionsphasen, Flexibilit\u00e4t und eigenem Autoverkehr liefern wir Paletten und Holzverpackungen rechtzeitig in der gew\u00fcnschten Qualit\u00e4t.<\/p>\n","protected":false},"excerpt":{"rendered":"<p>HK d\u0159evov\u00fdroba s.r.o. spezialisiert sich auf den Verkauf von Paletten, atypischen Paletten und Holzverpackungen. Wir bieten Ihnen den Verkauf von&hellip;<\/p>\n","protected":false},"author":2,"featured_media":0,"parent":0,"menu_order":2,"comment_status":"closed","ping_status":"closed","template":"products.php","meta":[],"_links":{"self":[{"href":"https:\/\/hk-drevovyroba.cz\/de\/wp-json\/wp\/v2\/pages\/15"}],"collection":[{"href":"https:\/\/hk-drevovyroba.cz\/de\/wp-json\/wp\/v2\/pages"}],"about":[{"href":"https:\/\/hk-drevovyroba.cz\/de\/wp-json\/wp\/v2\/types\/page"}],"author":[{"embeddable":true,"href":"https:\/\/hk-drevovyroba.cz\/de\/wp-json\/wp\/v2\/users\/2"}],"replies":[{"embeddable":true,"href":"https:\/\/hk-drevovyroba.cz\/de\/wp-json\/wp\/v2\/comments?post=15"}],"version-history":[{"count":2,"href":"https:\/\/hk-drevovyroba.cz\/de\/wp-json\/wp\/v2\/pages\/15\/revisions"}],"predecessor-version":[{"id":59,"href":"https:\/\/hk-drevovyroba.cz\/de\/wp-json\/wp\/v2\/pages\/15\/revisions\/59"}],"wp:attachment":[{"href":"https:\/\/hk-drevovyroba.cz\/de\/wp-json\/wp\/v2\/media?parent=15"}],"curies":[{"name":"wp","href":"https:\/\/api.w.org\/{rel}","templated":true}]}}