{"id":17,"date":"2020-11-23T13:47:50","date_gmt":"2020-11-23T12:47:50","guid":{"rendered":"http:\/\/hk-drevovyroba.cz\/de\/?page_id=17"},"modified":"2020-12-16T13:50:21","modified_gmt":"2020-12-16T12:50:21","slug":"europaletten","status":"publish","type":"page","link":"https:\/\/hk-drevovyroba.cz\/de\/europaletten\/","title":{"rendered":"Europaletten"},"content":{"rendered":"<p>Wir liefern <strong>Europaletten EUR\/EPAL<\/strong> mit der <a href=\"https:\/\/en.wikipedia.org\/wiki\/International_Plant_Protection_Convention\"><strong>Zertifizierung IPPC<\/strong><\/a>. Holz Europaletten mit den standardisierten Abmessungen <strong>1200 x 800 x 144 mm<\/strong> und der Palettenfl\u00e4che 0,96 m2 produzieren wir laut g\u00fcltigen Normen, bei der Einhaltung der besten Verarbeitungsqualit\u00e4t. Dank der Flexibilit\u00e4t, hoher Produktionsgeschwindigkeit und eigenem Autoverkehr garantieren wir unseren Kunden eine problemlose Lieferung bis in Ihre Firmen.<\/p>\n<h2><strong>Europaletten <a href=\"http:\/\/hk-drevovyroba.cz\/de\/\">HK d\u0159evov\u00fdroba s.r.o.<\/a><\/strong><\/h2>\n<p>Europaletten, auch <a href=\"https:\/\/cs.wikipedia.org\/wiki\/Europaleta\"><strong>mehrwegf\u00e4hige genormte Transportpaletten<\/strong><\/a> genannt, sind Vierwegpaletten aus Holz, die mit <strong>78 Spezialn\u00e4geln<\/strong> zusammengehalten sind. Genaue Fl\u00e4che und Abmessungen der Europalette sorgen f\u00fcr ihren effektiven Einsatz im Transport.\u00a0 Ihre Tragf\u00e4higkeit h\u00e4ngt von der Lastverteilung auf der Fl\u00e4che ab und liegt zwischen <strong>1000 \u2013 2000 kg<\/strong>.<\/p>\n<p>Ein gro\u00dfer Vorteil der Europaletten, deren Parameter den Normen <strong>UCI (Internationaler Eisenbahnverband)<\/strong> und <strong>EPAL (European Pallet Association)<\/strong> entsprechen m\u00fcssen, ist ihre Mehrwegf\u00e4higkeit. Wenn sie die Europaletten die Kriterien f\u00fcr den Austausch erf\u00fcllen (Lizenzhersteller, Bezeichnung EUR\/EPAL, entsprechendes und unbesch\u00e4digtes Material), k\u00f6nnen sie nach der Auslagerung wieder benutzt oder dem Hersteller zur\u00fcckgegeben werden.<\/p>\n<p>Alle unseren Europaletten entsprechen nicht nur den Normen EPAL\/EUR, sondern auch der Zertifizierung IPP, sie sind also mit <strong>der Hitze behandelt zur Verhinderung der biologischen Verschmutzung<\/strong>. Dank dem kontrollierten Produktionsverfahren, das schon bei dem Einkauf des Schnittholzes beginnt und in der Qualit\u00e4tskontrolle in der Produktion, beim Trocknen und bei der Lagerung folgt, liefern wir Ihnen die Europaletten in der gew\u00fcnschten Qualit\u00e4t.<\/p>\n<div class=\"gallery\"><p><a data-lightbox=\"gallery\" href=\"https:\/\/hk-drevovyroba.cz\/de\/wp-content\/uploads\/sites\/2\/2020\/12\/dsc-0085.jpg\"><img alt=\"\" height=\"267\" src=\"https:\/\/hk-drevovyroba.cz\/de\/wp-content\/uploads\/sites\/2\/2020\/12\/dsc-0085-400x267.jpg\" width=\"400\"><\/a><\/p><\/div>\n","protected":false},"excerpt":{"rendered":"<p>Wir liefern Europaletten EUR\/EPAL mit der Zertifizierung IPPC. Holz Europaletten mit den standardisierten Abmessungen 1200 x 800 x 144 mm&hellip;<\/p>\n","protected":false},"author":2,"featured_media":0,"parent":0,"menu_order":3,"comment_status":"closed","ping_status":"closed","template":"products.php","meta":[],"_links":{"self":[{"href":"https:\/\/hk-drevovyroba.cz\/de\/wp-json\/wp\/v2\/pages\/17"}],"collection":[{"href":"https:\/\/hk-drevovyroba.cz\/de\/wp-json\/wp\/v2\/pages"}],"about":[{"href":"https:\/\/hk-drevovyroba.cz\/de\/wp-json\/wp\/v2\/types\/page"}],"author":[{"embeddable":true,"href":"https:\/\/hk-drevovyroba.cz\/de\/wp-json\/wp\/v2\/users\/2"}],"replies":[{"embeddable":true,"href":"https:\/\/hk-drevovyroba.cz\/de\/wp-json\/wp\/v2\/comments?post=17"}],"version-history":[{"count":6,"href":"https:\/\/hk-drevovyroba.cz\/de\/wp-json\/wp\/v2\/pages\/17\/revisions"}],"predecessor-version":[{"id":117,"href":"https:\/\/hk-drevovyroba.cz\/de\/wp-json\/wp\/v2\/pages\/17\/revisions\/117"}],"wp:attachment":[{"href":"https:\/\/hk-drevovyroba.cz\/de\/wp-json\/wp\/v2\/media?parent=17"}],"curies":[{"name":"wp","href":"https:\/\/api.w.org\/{rel}","templated":true}]}}