{"id":19,"date":"2020-11-23T13:48:10","date_gmt":"2020-11-23T12:48:10","guid":{"rendered":"http:\/\/hk-drevovyroba.cz\/de\/?page_id=19"},"modified":"2020-12-17T10:56:05","modified_gmt":"2020-12-17T09:56:05","slug":"bauschnittholz","status":"publish","type":"page","link":"https:\/\/hk-drevovyroba.cz\/de\/bauschnittholz\/","title":{"rendered":"Bauschnittholz"},"content":{"rendered":"<p>HK d\u0159evov\u00fdroba s.r.o. bietet Ihnen <strong>Bauschnittholz<\/strong>. Das breite Angebot an Bauschnittholz nutzen Sie in Interieuren und Exterieuren. Dank dem direkten Anschluss an die S\u00e4ge liefern wir Ihnen Balken, Bretter, Bohlen, Latten, Kantbalken, <a href=\"http:\/\/hk-drevovyroba.cz\/de\/bauschnittholz\/gehobelte-bretter\/\">gehobelte Profile<\/a> und Hobeldielen schnell, einfach und zuverl\u00e4ssig.<\/p>\n<div class=\"page-menu\">\r\n<ul>\r\n<li>\r\n<a href=\"\/de\/bauschnittholz\/gehobelte-bretter\/\">\r\n<img alt=\"\" height=\"110\" src=\"https:\/\/hk-drevovyroba.cz\/de\/wp-content\/uploads\/sites\/2\/2020\/11\/hoblovane-profily-2.jpg\" width=\"234\">\r\n<p>Gehobelte Bretter<\/p>\r\n<\/a>\r\n<\/li>\r\n<li>\r\n<a href=\"\/de\/bauschnittholz\/hobeldielen\/\">\r\n<img alt=\"\" height=\"158\" src=\"https:\/\/hk-drevovyroba.cz\/de\/wp-content\/uploads\/sites\/2\/2020\/11\/stavebni-rezivo-2.jpg\" width=\"278\">\r\n<p>Hobeldielen<\/p>\r\n<\/a>\r\n<\/li>\r\n<\/ul>\r\n<\/div>\r\n\n<h2><strong>Kaufen Sie das Bauschnittholz von HK d\u0159evov\u00fdroba s.r.o.<\/strong><\/h2>\n<p>Suchen Sie Bauschnittholz f\u00fcr dir Dachrekonstruktion oder Dachstuhlrekonstruktion? Wollen Sie Ihren Parkplatz \u00fcberdachen oder eine neue Pergola bauen? Suchen Sie gehobelte Profile oder anderes Bauschnittholz f\u00fcr Zaunbau, Vord\u00e4cher oder Gartenaltane? <strong>Das Bauschnittholz <a href=\"http:\/\/hk-drevovyroba.cz\/\">HK d\u0159evov\u00fdroba s.r.o.<\/a> mit ausreichendem Lagerbestand steht Ihnen jederzeit zur Verf\u00fcgung<\/strong>.<\/p>\n<div class=\"gallery\"><p><a data-lightbox=\"gallery\" href=\"https:\/\/hk-drevovyroba.cz\/de\/wp-content\/uploads\/sites\/2\/2020\/12\/dsc-0033.jpg\"><img alt=\"\" height=\"267\" src=\"https:\/\/hk-drevovyroba.cz\/de\/wp-content\/uploads\/sites\/2\/2020\/12\/dsc-0033-400x267.jpg\" width=\"400\"><\/a><\/p><p><a data-lightbox=\"gallery\" href=\"https:\/\/hk-drevovyroba.cz\/de\/wp-content\/uploads\/sites\/2\/2020\/12\/dsc-0034.jpg\"><img alt=\"\" height=\"267\" src=\"https:\/\/hk-drevovyroba.cz\/de\/wp-content\/uploads\/sites\/2\/2020\/12\/dsc-0034-400x267.jpg\" width=\"400\"><\/a><\/p><\/div>\n","protected":false},"excerpt":{"rendered":"<p>HK d\u0159evov\u00fdroba s.r.o. bietet Ihnen Bauschnittholz. Das breite Angebot an Bauschnittholz nutzen Sie in Interieuren und Exterieuren. Dank dem direkten&hellip;<\/p>\n","protected":false},"author":2,"featured_media":0,"parent":0,"menu_order":4,"comment_status":"closed","ping_status":"closed","template":"products.php","meta":[],"_links":{"self":[{"href":"https:\/\/hk-drevovyroba.cz\/de\/wp-json\/wp\/v2\/pages\/19"}],"collection":[{"href":"https:\/\/hk-drevovyroba.cz\/de\/wp-json\/wp\/v2\/pages"}],"about":[{"href":"https:\/\/hk-drevovyroba.cz\/de\/wp-json\/wp\/v2\/types\/page"}],"author":[{"embeddable":true,"href":"https:\/\/hk-drevovyroba.cz\/de\/wp-json\/wp\/v2\/users\/2"}],"replies":[{"embeddable":true,"href":"https:\/\/hk-drevovyroba.cz\/de\/wp-json\/wp\/v2\/comments?post=19"}],"version-history":[{"count":5,"href":"https:\/\/hk-drevovyroba.cz\/de\/wp-json\/wp\/v2\/pages\/19\/revisions"}],"predecessor-version":[{"id":123,"href":"https:\/\/hk-drevovyroba.cz\/de\/wp-json\/wp\/v2\/pages\/19\/revisions\/123"}],"wp:attachment":[{"href":"https:\/\/hk-drevovyroba.cz\/de\/wp-json\/wp\/v2\/media?parent=19"}],"curies":[{"name":"wp","href":"https:\/\/api.w.org\/{rel}","templated":true}]}}