{"id":21,"date":"2020-11-23T13:48:42","date_gmt":"2020-11-23T12:48:42","guid":{"rendered":"http:\/\/hk-drevovyroba.cz\/de\/?page_id=21"},"modified":"2020-11-23T17:24:20","modified_gmt":"2020-11-23T16:24:20","slug":"gehobelte-bretter","status":"publish","type":"page","link":"https:\/\/hk-drevovyroba.cz\/de\/bauschnittholz\/gehobelte-bretter\/","title":{"rendered":"Gehobelte Bretter"},"content":{"rendered":"<p>HK d\u0159evov\u00fdroba s.r.o. bietet Ihnen den <strong>Gro\u00df- und Einzelhandel<\/strong> mit gehobeltem Brettern und Profilen h\u00f6chster Qualit\u00e4t an. Gehobelte Bretter, <strong>Bauschnittholz<\/strong> du Profile liefern wir Ihnen <strong>schnell, hochwertig und g\u00fcnstig<\/strong> dank der <a href=\"http:\/\/hk-drevovyroba.cz\/de\/uber-uns\/technologie\/\"><strong>modernsten Technologien<\/strong><\/a>, dem direkten Anschluss an die S\u00e4ge, dem Verkaufslager und dem eigenen Autotransport.<\/p>\n<h2><strong>Gehobelte Bretter liefern wir in Standardabmessungen<\/strong><\/h2>\n<p>Alle gehobelten Bretter k\u00f6nnen <strong>in der L\u00e4nge bis 5 Meter geliefert werden<\/strong>. In unserem <a href=\"http:\/\/hk-drevovyroba.cz\/de\/bauschnittholz\/\"><strong>Bauschnittholzsortiment<\/strong><\/a> haben wir nicht nur gehobelte Bretter, wir k\u00f6nnen Ihnen auch gehobelte Profile z. B. in Abmessungen 40 x 60 mm, 60 x 60 mm, 60 x 80 mm und 80 x 100 und L\u00e4ngen 5 Meter liefern.<\/p>\n<p>F\u00fcr gehobelte Bretter aber auch Bohlen, Latten, Balken bzw. f\u00fcr Ihre Bearbeitung benutzen wir <a href=\"http:\/\/hk-drevovyroba.cz\/de\/uber-uns\/technologie\/\"><strong>automatische Kappstationen und \u2013s\u00e4gen<\/strong><\/a>, z.B. Kappstation <a href=\"https:\/\/www.holtec.de\/en\/\"><strong>Holtec Vario-Cut SHK<\/strong><\/a>. Dank unserem Bauschnittholzlager und der Halle mit der Fl\u00e4che von 300 m2 sind gehobelte Bretter und anderes Bauschnittholz immer auf Lager.<\/p>\n","protected":false},"excerpt":{"rendered":"<p>HK d\u0159evov\u00fdroba s.r.o. bietet Ihnen den Gro\u00df- und Einzelhandel mit gehobeltem Brettern und Profilen h\u00f6chster Qualit\u00e4t an. Gehobelte Bretter, Bauschnittholz&hellip;<\/p>\n","protected":false},"author":2,"featured_media":0,"parent":19,"menu_order":1,"comment_status":"closed","ping_status":"closed","template":"products.php","meta":[],"_links":{"self":[{"href":"https:\/\/hk-drevovyroba.cz\/de\/wp-json\/wp\/v2\/pages\/21"}],"collection":[{"href":"https:\/\/hk-drevovyroba.cz\/de\/wp-json\/wp\/v2\/pages"}],"about":[{"href":"https:\/\/hk-drevovyroba.cz\/de\/wp-json\/wp\/v2\/types\/page"}],"author":[{"embeddable":true,"href":"https:\/\/hk-drevovyroba.cz\/de\/wp-json\/wp\/v2\/users\/2"}],"replies":[{"embeddable":true,"href":"https:\/\/hk-drevovyroba.cz\/de\/wp-json\/wp\/v2\/comments?post=21"}],"version-history":[{"count":2,"href":"https:\/\/hk-drevovyroba.cz\/de\/wp-json\/wp\/v2\/pages\/21\/revisions"}],"predecessor-version":[{"id":66,"href":"https:\/\/hk-drevovyroba.cz\/de\/wp-json\/wp\/v2\/pages\/21\/revisions\/66"}],"up":[{"embeddable":true,"href":"https:\/\/hk-drevovyroba.cz\/de\/wp-json\/wp\/v2\/pages\/19"}],"wp:attachment":[{"href":"https:\/\/hk-drevovyroba.cz\/de\/wp-json\/wp\/v2\/media?parent=21"}],"curies":[{"name":"wp","href":"https:\/\/api.w.org\/{rel}","templated":true}]}}