{"id":23,"date":"2020-11-23T13:49:39","date_gmt":"2020-11-23T12:49:39","guid":{"rendered":"http:\/\/hk-drevovyroba.cz\/de\/?page_id=23"},"modified":"2020-12-16T13:55:59","modified_gmt":"2020-12-16T12:55:59","slug":"hobeldielen","status":"publish","type":"page","link":"https:\/\/hk-drevovyroba.cz\/de\/bauschnittholz\/hobeldielen\/","title":{"rendered":"Hobeldielen"},"content":{"rendered":"<p>Wie bieten Ihnen Gro\u00df- und Einzelhandel mit <strong>verschiedenen Typen und Abmessungen der Hobeldielen<\/strong>. Dank dem direkten Anschluss an den Produzenten liefern wir Ihnen <strong>Boden- und Fassadendielen der h\u00f6chsten Qualit\u00e4t zu g\u00fcnstigen Preisen<\/strong>.<\/p>\n<p>Dank eigenem Verkaufslager des Schnittholzes und der <strong>Hobeldielen, ausgezeichneter Erreichbarkeit und eigenem <a href=\"http:\/\/hk-drevovyroba.cz\/de\/uber-uns\/hk-drevovyroba\/\">Autotransport<\/a> <\/strong>k\u00f6nnen wir Hobeldielen rechtzeitig und ma\u00dfgeschneidert an jeden Kunden liefern.<\/p>\n<h2><strong>Das Verkaufslager mit Hobellatten und Bauschnittholz ist f\u00fcr Ihre Auftr\u00e4ge immer bereit<\/strong><\/h2>\n<p>Hochwertige Hobeldielen <a href=\"http:\/\/hk-drevovyroba.cz\/de\/\"><strong>HK d\u0159evov\u00fdroba s.r.o.<\/strong><\/a> liefern wir in Standardprofilen. Hobeldielen liefern wir in L\u00e4ngen von 3 bis 5 Meter, wobei Sie unter einigen Dicken w\u00e4hlen k\u00f6nnen. Je nach Einsatz der Hobeldielen drinnen oder drau\u00dfen produzieren wir sie in der Dicke von 12 bis 19 mm f\u00fcr Sie.<\/p>\n<p>Neben Hobeldielen k\u00f6nnen Sie auch Zaunstangen, gehobelte und ungehobelte Profile, Kantbalken, Bretter oder Dachletten bestellen.<\/p>\n<div class=\"gallery\"><p><a data-lightbox=\"gallery\" href=\"https:\/\/hk-drevovyroba.cz\/de\/wp-content\/uploads\/sites\/2\/2020\/12\/dsc-0068.jpg\"><img alt=\"\" height=\"300\" src=\"https:\/\/hk-drevovyroba.cz\/de\/wp-content\/uploads\/sites\/2\/2020\/12\/dsc-0068-400x300.jpg\" width=\"400\"><\/a><\/p><p><a data-lightbox=\"gallery\" href=\"https:\/\/hk-drevovyroba.cz\/de\/wp-content\/uploads\/sites\/2\/2020\/12\/dsc-0067.jpg\"><img alt=\"\" height=\"267\" src=\"https:\/\/hk-drevovyroba.cz\/de\/wp-content\/uploads\/sites\/2\/2020\/12\/dsc-0067-400x267.jpg\" width=\"400\"><\/a><\/p><p><a data-lightbox=\"gallery\" href=\"https:\/\/hk-drevovyroba.cz\/de\/wp-content\/uploads\/sites\/2\/2020\/12\/dsc-0066.jpg\"><img alt=\"\" height=\"267\" src=\"https:\/\/hk-drevovyroba.cz\/de\/wp-content\/uploads\/sites\/2\/2020\/12\/dsc-0066-400x267.jpg\" width=\"400\"><\/a><\/p><\/div>\n","protected":false},"excerpt":{"rendered":"<p>Wie bieten Ihnen Gro\u00df- und Einzelhandel mit verschiedenen Typen und Abmessungen der Hobeldielen. Dank dem direkten Anschluss an den Produzenten&hellip;<\/p>\n","protected":false},"author":2,"featured_media":0,"parent":19,"menu_order":2,"comment_status":"closed","ping_status":"closed","template":"products.php","meta":[],"_links":{"self":[{"href":"https:\/\/hk-drevovyroba.cz\/de\/wp-json\/wp\/v2\/pages\/23"}],"collection":[{"href":"https:\/\/hk-drevovyroba.cz\/de\/wp-json\/wp\/v2\/pages"}],"about":[{"href":"https:\/\/hk-drevovyroba.cz\/de\/wp-json\/wp\/v2\/types\/page"}],"author":[{"embeddable":true,"href":"https:\/\/hk-drevovyroba.cz\/de\/wp-json\/wp\/v2\/users\/2"}],"replies":[{"embeddable":true,"href":"https:\/\/hk-drevovyroba.cz\/de\/wp-json\/wp\/v2\/comments?post=23"}],"version-history":[{"count":4,"href":"https:\/\/hk-drevovyroba.cz\/de\/wp-json\/wp\/v2\/pages\/23\/revisions"}],"predecessor-version":[{"id":119,"href":"https:\/\/hk-drevovyroba.cz\/de\/wp-json\/wp\/v2\/pages\/23\/revisions\/119"}],"up":[{"embeddable":true,"href":"https:\/\/hk-drevovyroba.cz\/de\/wp-json\/wp\/v2\/pages\/19"}],"wp:attachment":[{"href":"https:\/\/hk-drevovyroba.cz\/de\/wp-json\/wp\/v2\/media?parent=23"}],"curies":[{"name":"wp","href":"https:\/\/api.w.org\/{rel}","templated":true}]}}