{"id":25,"date":"2020-11-23T13:51:23","date_gmt":"2020-11-23T12:51:23","guid":{"rendered":"http:\/\/hk-drevovyroba.cz\/de\/?page_id=25"},"modified":"2020-11-23T20:50:52","modified_gmt":"2020-11-23T19:50:52","slug":"pellets","status":"publish","type":"page","link":"https:\/\/hk-drevovyroba.cz\/de\/pellets\/","title":{"rendered":"Pellets"},"content":{"rendered":"<p>Wir bieten Ihnen <strong>Holzpellets der h\u00f6chsten Qualit\u00e4t<\/strong>. Dieser gepresste Biobrennstoff aus der Biomasse ist eine <strong>umweltfreundliche und energetisch reiche W\u00e4rmequelle f\u00fcr Heizung<\/strong> in h\u00e4uslichen oder industriellen Bereichen.<\/p>\n<p>Dank der Zusammenarbeit mit <a href=\"https:\/\/www.storaenso.com\/cs-cz\/about-stora-enso\/stora-enso-locations\/zdirec-sawmill\"><strong>Stora Enso Wood Products \u017dd\u00edrec<\/strong><\/a>, dem f\u00fchrenden Weltproduzenten der Holzpellets, <strong>sind f\u00fcr Sie die Pellets immer auf Lager<\/strong>. Die Pellets k\u00f6nnen wir bis zu Ihnen <strong>nach Hause in den S\u00e4cken je 15 kg oder auf den <a href=\"http:\/\/hk-drevovyroba.cz\/de\/holzverpackungen\/paletten\/\">Paletten<\/a> liefern<\/strong>.<\/p>\n<p>Zur Produktion der zertifizierten Holzpellets werden vor allem <strong>Holzhobelsp\u00e4nen, getrocknetes Splitter und restliche Holzprodukte<\/strong> benutzt. Diese Pellets mit dem <strong>Durchmesser von 6 mm<\/strong> und dem hohen Heizwert eignen sich zur Benutzung\u00a0 in automatischen Kesseln und anderen Anlagen.<\/p>\n<p>Die aus erneuerbarem Material hergestellten Holzpellets stellen eine Alternative mit niedrigen Kohlenstoffspur zu traditionellen fossilen Brennstoffen und anderen nicht erneuerbaren Energiequellen. Die von uns angebotenen Stora Enso Pellets sind in Systemen der nachhaltigen Waldbewirtschaftung PEFC (Programme for the Endorsement of Forest Certification) und FSC (Forest Stewardship Council) zertifiziert. Die Pellets haben auch Zertifikat ENplus\u00ae A1 und DINplus, d.h. die europ\u00e4ischen Qualit\u00e4tsnormen.<\/p>\n<h2><strong>Pellets Stora Enso in Zahlen<\/strong><\/h2>\n<p><strong>Durchmesse<\/strong>\u00a0\u00a0\u00a0\u00a0\u00a0\u00a0\u00a0\u00a0\u00a0\u00a0\u00a0\u00a0\u00a0\u00a0\u00a0\u00a0\u00a0\u00a0\u00a0\u00a0\u00a0\u00a0\u00a0\u00a0\u00a0 6 mm<\/p>\n<p><strong>Trockengehalt\u00a0\u00a0\u00a0<\/strong>\u00a0\u00a0\u00a0\u00a0\u00a0\u00a0\u00a0\u00a0\u00a0\u00a0\u00a0\u00a0\u00a0\u00a0\u00a0\u00a0\u00a0\u00a0 circa 91%<\/p>\n<p><strong>Aschengehalt\u00a0\u00a0<\/strong>\u00a0\u00a0\u00a0\u00a0\u00a0\u00a0\u00a0\u00a0\u00a0\u00a0\u00a0\u00a0\u00a0\u00a0\u00a0\u00a0\u00a0\u00a0\u00a0\u00a0\u00a0 \u2264 0,3%<\/p>\n<p><strong>Schmelzpunkt der Asche<\/strong>\u00a0\u00a0\u00a0\u00a0 \u2265 1 400 \u00b0C<\/p>\n<p><strong>Dichte\u00a0\u00a0\u00a0<\/strong>\u00a0\u00a0\u00a0\u00a0\u00a0\u00a0\u00a0\u00a0\u00a0\u00a0\u00a0\u00a0\u00a0\u00a0\u00a0\u00a0\u00a0\u00a0\u00a0\u00a0\u00a0\u00a0\u00a0\u00a0\u00a0\u00a0\u00a0\u00a0\u00a0\u00a0\u00a0\u00a0 circa 650 kg\/m3<\/p>\n<p><strong>Energieinhalt pro 1 kg<\/strong>\u00a0\u00a0\u00a0\u00a0\u00a0\u00a0\u00a0 circa 4,85 kWh<\/p>\n<p><strong>Energieinhalt pro 1m3<\/strong> \u00a0\u00a0\u00a0\u00a0\u00a0\u00a0\u00a0 circa 3120 kWh<\/p>\n<p><strong>1 Palette, 70 S\u00e4cke<\/strong>\u00a0\u00a0\u00a0\u00a0\u00a0\u00a0\u00a0\u00a0\u00a0\u00a0\u00a0\u00a0\u00a0\u00a0 1050 kg<\/p>\n","protected":false},"excerpt":{"rendered":"<p>Wir bieten Ihnen Holzpellets der h\u00f6chsten Qualit\u00e4t. Dieser gepresste Biobrennstoff aus der Biomasse ist eine umweltfreundliche und energetisch reiche W\u00e4rmequelle&hellip;<\/p>\n","protected":false},"author":2,"featured_media":0,"parent":0,"menu_order":5,"comment_status":"closed","ping_status":"closed","template":"products.php","meta":[],"_links":{"self":[{"href":"https:\/\/hk-drevovyroba.cz\/de\/wp-json\/wp\/v2\/pages\/25"}],"collection":[{"href":"https:\/\/hk-drevovyroba.cz\/de\/wp-json\/wp\/v2\/pages"}],"about":[{"href":"https:\/\/hk-drevovyroba.cz\/de\/wp-json\/wp\/v2\/types\/page"}],"author":[{"embeddable":true,"href":"https:\/\/hk-drevovyroba.cz\/de\/wp-json\/wp\/v2\/users\/2"}],"replies":[{"embeddable":true,"href":"https:\/\/hk-drevovyroba.cz\/de\/wp-json\/wp\/v2\/comments?post=25"}],"version-history":[{"count":3,"href":"https:\/\/hk-drevovyroba.cz\/de\/wp-json\/wp\/v2\/pages\/25\/revisions"}],"predecessor-version":[{"id":80,"href":"https:\/\/hk-drevovyroba.cz\/de\/wp-json\/wp\/v2\/pages\/25\/revisions\/80"}],"wp:attachment":[{"href":"https:\/\/hk-drevovyroba.cz\/de\/wp-json\/wp\/v2\/media?parent=25"}],"curies":[{"name":"wp","href":"https:\/\/api.w.org\/{rel}","templated":true}]}}