{"id":32,"date":"2020-11-23T14:01:36","date_gmt":"2020-11-23T13:01:36","guid":{"rendered":"http:\/\/hk-drevovyroba.cz\/de\/?page_id=32"},"modified":"2020-12-16T14:03:34","modified_gmt":"2020-12-16T13:03:34","slug":"hk-drevovyroba","status":"publish","type":"page","link":"https:\/\/hk-drevovyroba.cz\/de\/uber-uns\/hk-drevovyroba\/","title":{"rendered":"HK D\u0159evov\u00fdroba"},"content":{"rendered":"<p>Wir sind <strong>HK d\u0159evov\u00fdroba s.r.o.<\/strong> Spezialisten f\u00fcr Produktion und Verkauf von <strong>atypischen Paletten und Holzverpackungen mit der <a href=\"https:\/\/en.wikipedia.org\/wiki\/International_Plant_Protection_Convention\">Zertifizierung IPPC<\/a><\/strong>. Neben der Produktion von atypischen Paletten k\u00f6nnen wir Ihnen auch Holzhandel mit dem Verkauf von <strong>Bauschnittholz, Kantbalken, Dielen und Pellets anbieten<\/strong>.<\/p>\n<p>Bei uns in HK d\u0159evov\u00fdroba s.r.o. achten wir auf <strong>die h\u00f6chste Qualit\u00e4t in allen Produktionsphasen, Geschwindigkeit und Flexibilit\u00e4t<\/strong>. Der n\u00e4chste Vorteil ist der direkte Anschluss des <strong>Produktionsprozesses an die S\u00e4ge<\/strong>. So k\u00f6nnen wir nicht nur die zertifizierte Qualit\u00e4t der Produkte garantieren, sondern auch die problemlose L\u00f6sung der Auftragsproduktion der Holzverpackungen nach Ihren W\u00fcnschen.<\/p>\n<p>Vor vier Jahren haben wir unsere Dienste um der Verkauf moderner, <a href=\"http:\/\/hk-drevovyroba.cz\/de\/pellets\/\"><strong>umweltfreundlicher Heizpellets<\/strong><\/a> erweitert. Dank der Zusammenarbeit mit dem f\u00fchrenden Weltlieferanten der <a href=\"http:\/\/storaensoles.cz\/\"><strong>Holzpellets Stora Enso<\/strong><\/a> garantieren wir Ihnen die h\u00f6chste Qualit\u00e4t dieser erneuerbaren Energiequelle.<\/p>\n<h3><strong>Den Holzhandel, die Produktion der Paletten und Holzverpackungen und den Holzverkauf haben wir schon 1990 er\u00f6ffnet<\/strong><\/h3>\n<p>Nach drei\u00dfig Jahren geh\u00f6rt HK d\u0159evov\u00fdroba s.r.o. zu den <strong>f\u00fchrenden tschechischen Lieferanten von Paletten, Verpackungen oder Schnittholz<\/strong>. Unsere Auftr\u00e4ge bekommen wir sowohl aus <strong>Tschechien als auch aus Europa<\/strong>. Dank unseren Erfahrungen, und moderner Ausstattung k\u00f6nnen wir Ihre W\u00fcnsche schnell und zuverl\u00e4ssig erf\u00fcllen.<\/p>\n<p>Unser Sitz befindet sich in <strong>\u017dd\u00edrec nad Doubravou<\/strong> im Herzen der Holzwirtschaft Tschechiens. <strong>Mit eigenem Autotransport sichern wir die Auslieferung in ganz Tschechien und Europa<\/strong>.\u00a0 Wenn Sie in unserem Holzhandel, Paletten oder Pellets einkaufen, bieten wir Ihnen den Transport der Ware mit unserem eigenen Autotransport und zwar dem LKW\u00a0 mit der Tragkraft bis <strong>6 Tonnen<\/strong> und maximalen L\u00e4nge des transportierten Materials <strong>bis 8 Metern<\/strong>. L\u00e4ngere und gr\u00f6\u00dfere Lieferungen transportieren wir mit Hilfe unserer Partnerspedition (Lieferungen <strong>von 3,5 bis 24 Tonnen und mit der L\u00e4nge bis 13,6 Meter<\/strong>). Paletten, Europaletten \u00a0oder atypische Paletten transportieren wir mit Gro\u00dfraumanh\u00e4ngern Jumbo 120 m2.<\/p>\n<p><strong>Wir sind nach IPPC ISPM 15 f\u00fcr Bezeichnung des Holzmaterials zertifiziert.<\/strong><\/p>\n<div class=\"gallery\"><p><a data-lightbox=\"gallery\" href=\"https:\/\/hk-drevovyroba.cz\/de\/wp-content\/uploads\/sites\/2\/2020\/12\/dsc-0008.jpg\"><img alt=\"\" height=\"300\" src=\"https:\/\/hk-drevovyroba.cz\/de\/wp-content\/uploads\/sites\/2\/2020\/12\/dsc-0008-400x300.jpg\" width=\"400\"><\/a><\/p><p><a data-lightbox=\"gallery\" href=\"https:\/\/hk-drevovyroba.cz\/de\/wp-content\/uploads\/sites\/2\/2020\/12\/dsc-0023.jpg\"><img alt=\"\" height=\"267\" src=\"https:\/\/hk-drevovyroba.cz\/de\/wp-content\/uploads\/sites\/2\/2020\/12\/dsc-0023-400x267.jpg\" width=\"400\"><\/a><\/p><p><a data-lightbox=\"gallery\" href=\"https:\/\/hk-drevovyroba.cz\/de\/wp-content\/uploads\/sites\/2\/2020\/12\/dsc-0028.jpg\"><img alt=\"\" height=\"267\" src=\"https:\/\/hk-drevovyroba.cz\/de\/wp-content\/uploads\/sites\/2\/2020\/12\/dsc-0028-400x267.jpg\" width=\"400\"><\/a><\/p><p><a data-lightbox=\"gallery\" href=\"https:\/\/hk-drevovyroba.cz\/de\/wp-content\/uploads\/sites\/2\/2020\/12\/dsc-0030.jpg\"><img alt=\"\" height=\"267\" src=\"https:\/\/hk-drevovyroba.cz\/de\/wp-content\/uploads\/sites\/2\/2020\/12\/dsc-0030-400x267.jpg\" width=\"400\"><\/a><\/p><p><a data-lightbox=\"gallery\" href=\"https:\/\/hk-drevovyroba.cz\/de\/wp-content\/uploads\/sites\/2\/2020\/12\/dsc-0031.jpg\"><img alt=\"\" height=\"267\" src=\"https:\/\/hk-drevovyroba.cz\/de\/wp-content\/uploads\/sites\/2\/2020\/12\/dsc-0031-400x267.jpg\" width=\"400\"><\/a><\/p><\/div>\n","protected":false},"excerpt":{"rendered":"<p>Wir sind HK d\u0159evov\u00fdroba s.r.o. Spezialisten f\u00fcr Produktion und Verkauf von atypischen Paletten und Holzverpackungen mit der Zertifizierung IPPC. Neben&hellip;<\/p>\n","protected":false},"author":2,"featured_media":0,"parent":27,"menu_order":2,"comment_status":"closed","ping_status":"closed","template":"about.php","meta":[],"_links":{"self":[{"href":"https:\/\/hk-drevovyroba.cz\/de\/wp-json\/wp\/v2\/pages\/32"}],"collection":[{"href":"https:\/\/hk-drevovyroba.cz\/de\/wp-json\/wp\/v2\/pages"}],"about":[{"href":"https:\/\/hk-drevovyroba.cz\/de\/wp-json\/wp\/v2\/types\/page"}],"author":[{"embeddable":true,"href":"https:\/\/hk-drevovyroba.cz\/de\/wp-json\/wp\/v2\/users\/2"}],"replies":[{"embeddable":true,"href":"https:\/\/hk-drevovyroba.cz\/de\/wp-json\/wp\/v2\/comments?post=32"}],"version-history":[{"count":5,"href":"https:\/\/hk-drevovyroba.cz\/de\/wp-json\/wp\/v2\/pages\/32\/revisions"}],"predecessor-version":[{"id":121,"href":"https:\/\/hk-drevovyroba.cz\/de\/wp-json\/wp\/v2\/pages\/32\/revisions\/121"}],"up":[{"embeddable":true,"href":"https:\/\/hk-drevovyroba.cz\/de\/wp-json\/wp\/v2\/pages\/27"}],"wp:attachment":[{"href":"https:\/\/hk-drevovyroba.cz\/de\/wp-json\/wp\/v2\/media?parent=32"}],"curies":[{"name":"wp","href":"https:\/\/api.w.org\/{rel}","templated":true}]}}