{"id":36,"date":"2020-11-23T14:05:27","date_gmt":"2020-11-23T13:05:27","guid":{"rendered":"http:\/\/hk-drevovyroba.cz\/de\/?page_id=36"},"modified":"2022-06-08T12:52:14","modified_gmt":"2022-06-08T10:52:14","slug":"kontakt","status":"publish","type":"page","link":"https:\/\/hk-drevovyroba.cz\/de\/kontakt\/","title":{"rendered":"Kontakt"},"content":{"rendered":"<h2>HK D\u0159evov\u00fdroba s.r.o.<\/h2>\n<p><strong>Adresse:<\/strong><br \/>\n\u017d\u010f\u00e1rsk\u00e1 501 582 63 \u017dd\u00edrec nad Doubravou<\/p>\n<p><strong>Sekretariat:<\/strong><br \/>\n+420 724 780 883 (Hana Lazni\u010dkov\u00e1),<br \/>\n+420 725 556 494 (Ond\u0159ej Kol\u00e1\u0159)<\/p>\n<p><strong>Gesch\u00e4ftsf\u00fchrer:<\/strong><br \/>\n+420 602 417 387 (Hubert Kol\u00e1\u0159)<\/p>\n<p><strong>Schnittholzverkauf:<\/strong><br \/>\n+420 602 417 387 (Hubert Kol\u00e1\u0159)<\/p>\n<p><strong>E-mail:<\/strong><br \/>\n<a href=\"mailto:info@hk-drevovyroba.cz\">info@hk-drevovyroba.cz<\/a><\/p>\n<p><strong>Unsere Gesch\u00e4ftszeiten:<\/strong><br \/>\nMo &#8211; Fr: 7:30-10:00, 10:30-14:30<\/p>\n<p><strong>I\u010cO:<\/strong> 25983164<br \/>\n<strong>DI\u010c:<\/strong> CZ25983164<\/p>\n<p>Firma ist beim Bezirksgericht Hradec Kr\u00e1lov\u00e9, Abschnitt C, Einlage 18613 eingetragen<\/p>\n","protected":false},"excerpt":{"rendered":"<p>HK D\u0159evov\u00fdroba s.r.o. Adresse: \u017d\u010f\u00e1rsk\u00e1 501 582 63 \u017dd\u00edrec nad Doubravou Sekretariat: +420 724 780 883 (Hana Lazni\u010dkov\u00e1), +420 725&hellip;<\/p>\n","protected":false},"author":2,"featured_media":0,"parent":0,"menu_order":8,"comment_status":"closed","ping_status":"closed","template":"contact.php","meta":[],"_links":{"self":[{"href":"https:\/\/hk-drevovyroba.cz\/de\/wp-json\/wp\/v2\/pages\/36"}],"collection":[{"href":"https:\/\/hk-drevovyroba.cz\/de\/wp-json\/wp\/v2\/pages"}],"about":[{"href":"https:\/\/hk-drevovyroba.cz\/de\/wp-json\/wp\/v2\/types\/page"}],"author":[{"embeddable":true,"href":"https:\/\/hk-drevovyroba.cz\/de\/wp-json\/wp\/v2\/users\/2"}],"replies":[{"embeddable":true,"href":"https:\/\/hk-drevovyroba.cz\/de\/wp-json\/wp\/v2\/comments?post=36"}],"version-history":[{"count":5,"href":"https:\/\/hk-drevovyroba.cz\/de\/wp-json\/wp\/v2\/pages\/36\/revisions"}],"predecessor-version":[{"id":127,"href":"https:\/\/hk-drevovyroba.cz\/de\/wp-json\/wp\/v2\/pages\/36\/revisions\/127"}],"wp:attachment":[{"href":"https:\/\/hk-drevovyroba.cz\/de\/wp-json\/wp\/v2\/media?parent=36"}],"curies":[{"name":"wp","href":"https:\/\/api.w.org\/{rel}","templated":true}]}}