{"id":6,"date":"2020-10-15T23:24:24","date_gmt":"2020-10-15T21:24:24","guid":{"rendered":"http:\/\/hk-drevovyroba.cz\/de\/?page_id=6"},"modified":"2023-06-26T16:36:18","modified_gmt":"2023-06-26T14:36:18","slug":"homepage","status":"publish","type":"page","link":"https:\/\/hk-drevovyroba.cz\/de\/","title":{"rendered":"Homepage"},"content":{"rendered":"<h2><strong>HK D\u0158EVOV\u00ddROBA S.R.O.<\/strong><\/h2>\n<p>Wir sind HK d\u0159evov\u00fdroba s.r.o, <strong>Spezialisten auf die Produktion und den Verkauf \u00a0von atypischen Paletten und Holzverpackungen mit der Zertifizierung IPP<\/strong>. Nach Ihren spezifischen Anforderungen liefern wir Ihnen <strong><a href=\"http:\/\/hk-drevovyroba.cz\/de\/holzverpackungen\/paletten\/\">Paletten<\/a>, <a href=\"http:\/\/hk-drevovyroba.cz\/de\/europaletten\/\">Europaletten<\/a> oder Holzkisten in der h\u00f6chsten Qualit\u00e4t.<\/strong><\/p>\n<p>Neben der Produktion der Komplettholzverpackungen besch\u00e4ftigen wir uns auch mit <strong>Gro\u00df- und Einzelhandel mit gehobeltem und ungehobeltem Bauschnittholz<\/strong>. <a href=\"http:\/\/hk-drevovyroba.cz\/de\/bauschnittholz\/hobeldielen\/\">Dielen<\/a>, Zaunstangen, KVH-Balken, Dachlatten, Balken oder Baubretter in verschiedenen Abmessungen sind in HK d\u0159evov\u00fdroba s.r.o immer auf Lager.<\/p>\n<p>Dank langj\u00e4hrigen Erfahrungen mit der Holzverarbeitung und dem direkten Anschluss an andere Phasen der Holzverarbeitung f\u00fchren wir Ihre Auftr\u00e4ge <strong>schnell, flexibel und hochwertig<\/strong> durch. Unsere Produktions- und Lagerobjekte verf\u00fcgen \u00fcber <a href=\"http:\/\/hk-drevovyroba.cz\/de\/uber-uns\/technologie\/\"><strong>modernste Technologien<\/strong><\/a>. Dadurch k\u00f6nnen wir die <strong>zertifizierte Qualit\u00e4t der Produkte garantieren<\/strong>.<\/p>\n<p>Unser Sitz befindet sich in \u017dd\u00edrec nad Doubravou im Herzen der Holzwirtschaft Tschechiens. <strong>Mit eigenem Autotransport<\/strong> sichern wir die Auslieferung in ganz Tschechien und Europa.<\/p>\n<p class=\"button\"><a href=\"https:\/\/hk-drevovyroba.cz\/de\/uber-uns\/\">Mehr \u00fcber die Firma zeigen<\/a><\/p>\n","protected":false},"excerpt":{"rendered":"<p>HK D\u0158EVOV\u00ddROBA S.R.O. Wir sind HK d\u0159evov\u00fdroba s.r.o, Spezialisten auf die Produktion und den Verkauf \u00a0von atypischen Paletten und Holzverpackungen&hellip;<\/p>\n","protected":false},"author":3,"featured_media":0,"parent":0,"menu_order":1,"comment_status":"closed","ping_status":"closed","template":"homepage.php","meta":[],"_links":{"self":[{"href":"https:\/\/hk-drevovyroba.cz\/de\/wp-json\/wp\/v2\/pages\/6"}],"collection":[{"href":"https:\/\/hk-drevovyroba.cz\/de\/wp-json\/wp\/v2\/pages"}],"about":[{"href":"https:\/\/hk-drevovyroba.cz\/de\/wp-json\/wp\/v2\/types\/page"}],"author":[{"embeddable":true,"href":"https:\/\/hk-drevovyroba.cz\/de\/wp-json\/wp\/v2\/users\/3"}],"replies":[{"embeddable":true,"href":"https:\/\/hk-drevovyroba.cz\/de\/wp-json\/wp\/v2\/comments?post=6"}],"version-history":[{"count":6,"href":"https:\/\/hk-drevovyroba.cz\/de\/wp-json\/wp\/v2\/pages\/6\/revisions"}],"predecessor-version":[{"id":83,"href":"https:\/\/hk-drevovyroba.cz\/de\/wp-json\/wp\/v2\/pages\/6\/revisions\/83"}],"wp:attachment":[{"href":"https:\/\/hk-drevovyroba.cz\/de\/wp-json\/wp\/v2\/media?parent=6"}],"curies":[{"name":"wp","href":"https:\/\/api.w.org\/{rel}","templated":true}]}}